{"id":935,"date":"2019-04-16T11:04:02","date_gmt":"2019-04-16T09:04:02","guid":{"rendered":"http:\/\/premodernmagic.com\/blog\/?page_id=935"},"modified":"2019-10-26T18:40:11","modified_gmt":"2019-10-26T16:40:11","slug":"swedish-nationals-2019","status":"publish","type":"page","link":"https:\/\/premodernmagic.com\/blog\/swedish-nationals-2019\/","title":{"rendered":"Swedish Nationals 2019"},"content":{"rendered":"<p><img loading=\"lazy\" decoding=\"async\" class=\"alignnone size-full wp-image-936\" src=\"http:\/\/premodernmagic.com\/blog\/wp-content\/uploads\/2019\/04\/premodern-sm-2019.png\" alt=\"\" width=\"679\" height=\"960\" srcset=\"https:\/\/premodernmagic.com\/blog\/wp-content\/uploads\/2019\/04\/premodern-sm-2019.png 679w, https:\/\/premodernmagic.com\/blog\/wp-content\/uploads\/2019\/04\/premodern-sm-2019-212x300.png 212w\" sizes=\"auto, (max-width: 679px) 100vw, 679px\" \/><\/p>\n<p><em>Please see info in English below.<\/em><\/p>\n<p><strong>Uppdatering 2: Extraturneringen p\u00e5 s\u00f6ndag blir p\u00e5 Biljardpalatset p\u00e5 Kungsholmen, kl 11, se mer info i texten.<\/strong><\/p>\n<p><strong>Uppdatering 1: Vi har bokat en ny st\u00f6rre lokal (i samma omr\u00e5de) med 46 platser. De personer p\u00e5 v\u00e4ntelistan som erbjuds plats f\u00e5r en bekr\u00e4ftelse via e-post. Se alla anm\u00e4lda och resterande v\u00e4ntelista <a href=\"https:\/\/docs.google.com\/spreadsheets\/d\/1dxZVqbSDRtmO3jl-nBFLyw9vaXlo77O6K6WFN_t2w4E\/edit#gid=0\">h\u00e4r<\/a>. Mer info om registrering av lekar kommer h\u00e4r och p\u00e5 e-post.<\/strong><\/p>\n<h3>Snabbfakta<\/h3>\n<ul>\n<li><strong>N\u00e4r? <\/strong>L\u00f6rdag den 8 juni. Registrering 10:00\u201310:45.<\/li>\n<li><strong>Var?<\/strong>\u00a0<del datetime=\"2019-05-11T13:33:55+00:00\">Ramv\u00e4gen 1<\/del> Knektv\u00e4gen 11, Enskede, Stockholm. T-banestation Gubb\u00e4ngen.\u00a0<a href=\"https:\/\/goo.gl\/maps\/M9srEWDdSQBBUYhh7\">L\u00e4nk till karta<\/a>.<\/li>\n<li><strong>Hur? <\/strong>F\u00f6ranm\u00e4lan kr\u00e4vs, se formul\u00e4r nedan. Kostnad 250 kr. Swisha till 0736-163646.<\/li>\n<\/ul>\n<h3>V\u00e4lkommen till\u00a0SM i Premodern 2019<\/h3>\n<p>V\u00e4lkommen till den andra upplagan av de svenska m\u00e4sterskapen i Premodern! Har du vad som kr\u00e4vs f\u00f6r att ta hem \u00e5rets trof\u00e9? Formatet har v\u00e4xt sedan senast, s\u00e5 vi satsar p\u00e5 en aningen st\u00f6rre turnering \u00e4n <a href=\"http:\/\/premodernmagic.com\/blog\/results-from-the-swedish-nationals-in-premodern-2018\/\">f\u00f6rra \u00e5ret<\/a>. Det finns ett tak p\u00e5 <del datetime=\"2019-05-19T07:04:40+00:00\">36<\/del>\u00a046 spelare, och det kr\u00e4vs d\u00e4rf\u00f6r f\u00f6ranm\u00e4lan (se formul\u00e4r l\u00e4ngst ned p\u00e5 denna sida) enligt principen f\u00f6rst till kvarn. N\u00e4r alla platser \u00e4r fyllda kommer det att skickas ut en bekr\u00e4ftelse via e-post om man har f\u00e5tt en plats eller inte. Om du inte skulle f\u00e5 plats st\u00e4lls du p\u00e5 v\u00e4ntelista och kommer att bli kontaktad om det frig\u00f6rs en plats. Se anm\u00e4lnings- och v\u00e4ntelista <a href=\"https:\/\/docs.google.com\/spreadsheets\/d\/1dxZVqbSDRtmO3jl-nBFLyw9vaXlo77O6K6WFN_t2w4E\/edit#gid=0\">h\u00e4r<\/a>.<\/p>\n<p>Turneringsformatet \u00e4r swissgruppspel (prelimin\u00e4rt sex st 50-minutersrundor med lunchpaus efter andra rundan) f\u00f6ljt av top 8. Os\u00e4ker p\u00e5 hur <a class=\"cardtip\" onclick=\"updateCardTip(4881, ''); showCardTip()\" onmouseenter=\"updateCardTip(4881, ''); showCardTip()\" onmouseleave=\"hideCardTip()\">Humility<\/a> fungerar tillsammans <a class=\"cardtip\" onclick=\"updateCardTip(2387, ''); showCardTip()\" onmouseenter=\"updateCardTip(2387, ''); showCardTip()\" onmouseleave=\"hideCardTip()\">Mishra&#8217;s Factory<\/a>? Ingen fara \u2013 d\u00e5 kan ni fr\u00e5ga Jacob Malmstr\u00f6m som \u00e4r domare f\u00f6r dagen (level 2). Alla spelare kommer att beh\u00f6va registrera leklistor i digital form i f\u00f6rv\u00e4g. Mer info om hur kommer via mejl.<\/p>\n<p>Det kommer finnas m\u00f6jlighet till spel hela kv\u00e4llen \u00e4ven f\u00f6r de som inte g\u00e5r vidare till slutspel. F\u00f6rfriskningar i n\u00e5gon form kommer att finnas att tillg\u00e5 under dagen.<\/p>\n<p>F\u00f6r de som \u00e4r kvar i stan blir det \u00e4ven en sidoturnering i Premodern p\u00e5 s\u00f6ndag. Den kommer att spelas i pubmilj\u00f6 p\u00e5 Biljardpalatset p\u00e5 St Eriksgatan 52, Kungsholmen (t-banestation Fridhemsplan, <a href=\"https:\/\/goo.gl\/maps\/BNNfsreEXtvCTdq17\">l\u00e4nk till karta<\/a>). Vi drar ig\u00e5ng s\u00e5 snart som m\u00f6jligt efter att de \u00f6ppnar kl 11:00. Ingen anm\u00e4lan beh\u00f6vs\u2014det \u00e4r bara att dyka upp, ta en \u00f6l och spela. Planen \u00e4r att detta blir en kortare turnering med enbart Swiss (och ev. final).<\/p>\n<p>Och f\u00f6r er som inte \u00e4r p\u00e5 plats s\u00e5 kommer turneringen att livestreamas tillsammans med <a href=\"http:\/\/www.wak-wak.se\">Wak-Wak<\/a>. Streamen hittar ni p\u00e5 <a href=\"https:\/\/www.twitch.tv\/wakwakmtg\">twitch.tv\/wakwakmtg<\/a>\u00a0och den startar samtidigt som turneringen.<\/p>\n<p>V\u00e4l m\u00f6tt! \u00a0\u2013 Martin<\/p>\n<h3>&#8212;<\/h3>\n<p><strong>Update 2: The extra tournament on Sunday will take place at Biljardpalatset in Kungsholmen, 11 AM, see more info in the text below.<\/strong><\/p>\n<p><strong>Update 1: We have booked a new larger venue (in the same area) with 46 seats. Those on the waiting list who are offered a slot due to this are informed via e-mail. Se all registered players and remaining waiting list\u00a0<a href=\"https:\/\/docs.google.com\/spreadsheets\/d\/1dxZVqbSDRtmO3jl-nBFLyw9vaXlo77O6K6WFN_t2w4E\/edit#gid=0\">here<\/a>. More info about deck registration to come.<\/strong><\/p>\n<h3>Quick facts<\/h3>\n<ul>\n<li><strong>When? <\/strong>Saturday 8 June. Registration 10:00\u201310:45 AM.<\/li>\n<li><strong>Where?<\/strong>\u00a0<del datetime=\"2019-05-11T13:33:55+00:00\">Ramv\u00e4gen 1<\/del>\u00a0Knektv\u00e4gen 11, Enskede, Stockholm. Subway\u00a0station Gubb\u00e4ngen.\u00a0<a href=\"https:\/\/goo.gl\/maps\/M9srEWDdSQBBUYhh7\">Link to map<\/a>.<\/li>\n<li><strong>How? <\/strong>Pre-registration is required, see form below. Cost 250 SEK.<\/li>\n<\/ul>\n<h3>Welcome to the Swedish Nationals in Premodern 2019<\/h3>\n<p>Welcome to the second edition of the Swedish National Championships in Premodern\u2014folks from outside of Sweden are welcome too! There is a cap of <del datetime=\"2019-05-19T07:19:53+00:00\">36<\/del> 46 players. We therefore require pre-registration (see form at the bottom of this page) on a first-come first-serve basis. You&#8217;ll receive an e-mail confirmation whether you have a slot or not, when all slots are filled. If you don&#8217;t get a slot immediately you&#8217;ll be put in a line and you&#8217;ll be contacted if a slot becomes avaliable. See registered players and waiting list\u00a0<a href=\"https:\/\/docs.google.com\/spreadsheets\/d\/1dxZVqbSDRtmO3jl-nBFLyw9vaXlo77O6K6WFN_t2w4E\/edit#gid=0\">here<\/a>.<\/p>\n<p>The tournament format is Swiss (preliminarily six 50 minute rounds with a lunch break after two rounds), followed by single-elimination top 8. Not sure how\u00a0<a class=\"cardtip\" onclick=\"updateCardTip(4881, ''); showCardTip()\" onmouseenter=\"updateCardTip(4881, ''); showCardTip()\" onmouseleave=\"hideCardTip()\">Humility<\/a> and <a class=\"cardtip\" onclick=\"updateCardTip(2387, ''); showCardTip()\" onmouseenter=\"updateCardTip(2387, ''); showCardTip()\" onmouseleave=\"hideCardTip()\">Mishra&#8217;s Factory<\/a> work together? Don&#8217;t worry\u2014you can ask Jacob Malmstr\u00f6m, the judge for this tournament (level 2). All players need to register decklists in digital form in advance. More info about how will be sent via e-mail.<\/p>\n<p>There will be opportunities to play during the night, also for those not making the top 8. Refreshments of some sort will be available throughout the day.<\/p>\n<p>For those of you who stay in town there will be a less formal Premodern tournament on Sunday too.\u00a0It will take place in the pub Biljardpalatset on St Eriksgatan 52, Kungsholmen (subway station Fridhemsplan, <a href=\"https:\/\/goo.gl\/maps\/BNNfsreEXtvCTdq17\">link to map<\/a>). We start as soon as possible after they open at 11:00 AM. No registration is needed\u2014just pop up, have a beer and play. The idea is to make this a shorter tournament with only Swiss (and perhaps a final).<\/p>\n<p>And for those of you who won&#8217;t be there, the tournament will be live-streamed together with <a href=\"http:\/\/www.wak-wak.se\">Wak-Wak<\/a>. You&#8217;ll find the stream at <a href=\"https:\/\/www.twitch.tv\/wakwakmtg\">twitch.tv\/wakwakmtg<\/a>\u00a0and it will start when the tournament starts.<\/p>\n<p>Cheers! \u2013 Martin<\/p>\n<h3>F\u00f6ranm\u00e4lan \/ Pre-registration<\/h3>\n<p><em>Registration is closed.<\/em><\/p>\n","protected":false},"excerpt":{"rendered":"<p>Please see info in English below. Uppdatering 2: Extraturneringen p\u00e5 s\u00f6ndag blir p\u00e5 Biljardpalatset p\u00e5 Kungsholmen, kl 11, se mer info i texten. Uppdatering 1:&hellip;<\/p>\n","protected":false},"author":2,"featured_media":951,"parent":0,"menu_order":0,"comment_status":"closed","ping_status":"closed","template":"","meta":{"footnotes":""},"class_list":["post-935","page","type-page","status-publish","has-post-thumbnail","hentry"],"_links":{"self":[{"href":"https:\/\/premodernmagic.com\/blog\/wp-json\/wp\/v2\/pages\/935","targetHints":{"allow":["GET"]}}],"collection":[{"href":"https:\/\/premodernmagic.com\/blog\/wp-json\/wp\/v2\/pages"}],"about":[{"href":"https:\/\/premodernmagic.com\/blog\/wp-json\/wp\/v2\/types\/page"}],"author":[{"embeddable":true,"href":"https:\/\/premodernmagic.com\/blog\/wp-json\/wp\/v2\/users\/2"}],"replies":[{"embeddable":true,"href":"https:\/\/premodernmagic.com\/blog\/wp-json\/wp\/v2\/comments?post=935"}],"version-history":[{"count":27,"href":"https:\/\/premodernmagic.com\/blog\/wp-json\/wp\/v2\/pages\/935\/revisions"}],"predecessor-version":[{"id":1523,"href":"https:\/\/premodernmagic.com\/blog\/wp-json\/wp\/v2\/pages\/935\/revisions\/1523"}],"wp:featuredmedia":[{"embeddable":true,"href":"https:\/\/premodernmagic.com\/blog\/wp-json\/wp\/v2\/media\/951"}],"wp:attachment":[{"href":"https:\/\/premodernmagic.com\/blog\/wp-json\/wp\/v2\/media?parent=935"}],"curies":[{"name":"wp","href":"https:\/\/api.w.org\/{rel}","templated":true}]}}